{"id":202,"date":"2025-07-28T13:33:04","date_gmt":"2025-07-28T13:33:04","guid":{"rendered":"https:\/\/nvcasino.games\/pl-pl\/?page_id=202"},"modified":"2025-08-14T11:56:37","modified_gmt":"2025-08-14T11:56:37","slug":"registration","status":"publish","type":"page","link":"https:\/\/nvcasino.games\/pl-pl\/registration\/","title":{"rendered":"Rejestracja"},"content":{"rendered":"","protected":false},"excerpt":{"rendered":"","protected":false},"author":1,"featured_media":0,"parent":0,"menu_order":0,"comment_status":"closed","ping_status":"closed","template":"","meta":{"inline_featured_image":false,"footnotes":""},"class_list":["post-202","page","type-page","status-publish","hentry"],"yoast_head":"<!-- This site is optimized with the Yoast SEO plugin v27.4 - https:\/\/yoast.com\/product\/yoast-seo-wordpress\/ -->\n<title>Zarejestruj si\u0119 w NV casino \u1433 prezenty dla nowych graczy<\/title>\n<meta name=\"description\" content=\"Aktywuj pakiet bonusowy dla nowych u\u017cytkownik\u00f3w po zalogowaniu si\u0119 do kasyna NV. Warunki i metody bonusowe.\" \/>\n<meta name=\"robots\" content=\"index, follow, max-snippet:-1, max-image-preview:large, max-video-preview:-1\" \/>\n<meta property=\"og:locale\" content=\"pl_PL\" \/>\n<meta property=\"og:type\" content=\"article\" \/>\n<meta property=\"og:title\" content=\"Zarejestruj si\u0119 w NV casino \u1433 prezenty dla nowych graczy\" \/>\n<meta property=\"og:description\" content=\"Aktywuj pakiet bonusowy dla nowych u\u017cytkownik\u00f3w po zalogowaniu si\u0119 do kasyna NV. Warunki i metody bonusowe.\" \/>\n<meta property=\"og:url\" content=\"https:\/\/nvcasino.games\/pl-pl\/registration\/\" \/>\n<meta property=\"og:site_name\" content=\"NV Casino PL-PL\" \/>\n<meta property=\"article:modified_time\" content=\"2025-08-14T11:56:37+00:00\" \/>\n<meta name=\"twitter:card\" content=\"summary_large_image\" \/>\n<script type=\"application\/ld+json\" class=\"yoast-schema-graph\">{\"@context\":\"https:\\\/\\\/schema.org\",\"@graph\":[{\"@type\":\"WebPage\",\"@id\":\"https:\\\/\\\/nvcasino.games\\\/pl-pl\\\/registration\\\/\",\"url\":\"https:\\\/\\\/nvcasino.games\\\/pl-pl\\\/registration\\\/\",\"name\":\"Zarejestruj si\u0119 w NV casino \u1433 prezenty dla nowych graczy\",\"isPartOf\":{\"@id\":\"https:\\\/\\\/nvcasino.games\\\/pl-pl\\\/#website\"},\"datePublished\":\"2025-07-28T13:33:04+00:00\",\"dateModified\":\"2025-08-14T11:56:37+00:00\",\"description\":\"Aktywuj pakiet bonusowy dla nowych u\u017cytkownik\u00f3w po zalogowaniu si\u0119 do kasyna NV. Warunki i metody bonusowe.\",\"breadcrumb\":{\"@id\":\"https:\\\/\\\/nvcasino.games\\\/pl-pl\\\/registration\\\/#breadcrumb\"},\"inLanguage\":\"pl-PL\",\"potentialAction\":[{\"@type\":\"ReadAction\",\"target\":[\"https:\\\/\\\/nvcasino.games\\\/pl-pl\\\/registration\\\/\"]}]},{\"@type\":\"BreadcrumbList\",\"@id\":\"https:\\\/\\\/nvcasino.games\\\/pl-pl\\\/registration\\\/#breadcrumb\",\"itemListElement\":[{\"@type\":\"ListItem\",\"position\":1,\"name\":\"\u0413\u043b\u0430\u0432\u043d\u0430\u044f \u0441\u0442\u0440\u0430\u043d\u0438\u0446\u0430\",\"item\":\"https:\\\/\\\/nvcasino.games\\\/pl-pl\\\/\"},{\"@type\":\"ListItem\",\"position\":2,\"name\":\"Rejestracja\"}]},{\"@type\":\"WebSite\",\"@id\":\"https:\\\/\\\/nvcasino.games\\\/pl-pl\\\/#website\",\"url\":\"https:\\\/\\\/nvcasino.games\\\/pl-pl\\\/\",\"name\":\"NV Casino PL-PL\",\"description\":\"My WordPress Blog\",\"potentialAction\":[{\"@type\":\"SearchAction\",\"target\":{\"@type\":\"EntryPoint\",\"urlTemplate\":\"https:\\\/\\\/nvcasino.games\\\/pl-pl\\\/?s={search_term_string}\"},\"query-input\":{\"@type\":\"PropertyValueSpecification\",\"valueRequired\":true,\"valueName\":\"search_term_string\"}}],\"inLanguage\":\"pl-PL\"}]}<\/script>\n<!-- \/ Yoast SEO plugin. -->","yoast_head_json":{"title":"Zarejestruj si\u0119 w NV casino \u1433 prezenty dla nowych graczy","description":"Aktywuj pakiet bonusowy dla nowych u\u017cytkownik\u00f3w po zalogowaniu si\u0119 do kasyna NV. Warunki i metody bonusowe.","robots":{"index":"index","follow":"follow","max-snippet":"max-snippet:-1","max-image-preview":"max-image-preview:large","max-video-preview":"max-video-preview:-1"},"og_locale":"pl_PL","og_type":"article","og_title":"Zarejestruj si\u0119 w NV casino \u1433 prezenty dla nowych graczy","og_description":"Aktywuj pakiet bonusowy dla nowych u\u017cytkownik\u00f3w po zalogowaniu si\u0119 do kasyna NV. Warunki i metody bonusowe.","og_url":"https:\/\/nvcasino.games\/pl-pl\/registration\/","og_site_name":"NV Casino PL-PL","article_modified_time":"2025-08-14T11:56:37+00:00","twitter_card":"summary_large_image","schema":{"@context":"https:\/\/schema.org","@graph":[{"@type":"WebPage","@id":"https:\/\/nvcasino.games\/pl-pl\/registration\/","url":"https:\/\/nvcasino.games\/pl-pl\/registration\/","name":"Zarejestruj si\u0119 w NV casino \u1433 prezenty dla nowych graczy","isPartOf":{"@id":"https:\/\/nvcasino.games\/pl-pl\/#website"},"datePublished":"2025-07-28T13:33:04+00:00","dateModified":"2025-08-14T11:56:37+00:00","description":"Aktywuj pakiet bonusowy dla nowych u\u017cytkownik\u00f3w po zalogowaniu si\u0119 do kasyna NV. Warunki i metody bonusowe.","breadcrumb":{"@id":"https:\/\/nvcasino.games\/pl-pl\/registration\/#breadcrumb"},"inLanguage":"pl-PL","potentialAction":[{"@type":"ReadAction","target":["https:\/\/nvcasino.games\/pl-pl\/registration\/"]}]},{"@type":"BreadcrumbList","@id":"https:\/\/nvcasino.games\/pl-pl\/registration\/#breadcrumb","itemListElement":[{"@type":"ListItem","position":1,"name":"\u0413\u043b\u0430\u0432\u043d\u0430\u044f \u0441\u0442\u0440\u0430\u043d\u0438\u0446\u0430","item":"https:\/\/nvcasino.games\/pl-pl\/"},{"@type":"ListItem","position":2,"name":"Rejestracja"}]},{"@type":"WebSite","@id":"https:\/\/nvcasino.games\/pl-pl\/#website","url":"https:\/\/nvcasino.games\/pl-pl\/","name":"NV Casino PL-PL","description":"My WordPress Blog","potentialAction":[{"@type":"SearchAction","target":{"@type":"EntryPoint","urlTemplate":"https:\/\/nvcasino.games\/pl-pl\/?s={search_term_string}"},"query-input":{"@type":"PropertyValueSpecification","valueRequired":true,"valueName":"search_term_string"}}],"inLanguage":"pl-PL"}]}},"_links":{"self":[{"href":"https:\/\/nvcasino.games\/pl-pl\/wp-json\/wp\/v2\/pages\/202","targetHints":{"allow":["GET"]}}],"collection":[{"href":"https:\/\/nvcasino.games\/pl-pl\/wp-json\/wp\/v2\/pages"}],"about":[{"href":"https:\/\/nvcasino.games\/pl-pl\/wp-json\/wp\/v2\/types\/page"}],"author":[{"embeddable":true,"href":"https:\/\/nvcasino.games\/pl-pl\/wp-json\/wp\/v2\/users\/1"}],"replies":[{"embeddable":true,"href":"https:\/\/nvcasino.games\/pl-pl\/wp-json\/wp\/v2\/comments?post=202"}],"version-history":[{"count":2,"href":"https:\/\/nvcasino.games\/pl-pl\/wp-json\/wp\/v2\/pages\/202\/revisions"}],"predecessor-version":[{"id":224,"href":"https:\/\/nvcasino.games\/pl-pl\/wp-json\/wp\/v2\/pages\/202\/revisions\/224"}],"wp:attachment":[{"href":"https:\/\/nvcasino.games\/pl-pl\/wp-json\/wp\/v2\/media?parent=202"}],"curies":[{"name":"wp","href":"https:\/\/api.w.org\/{rel}","templated":true}]}}