{"id":212,"date":"2025-08-06T13:28:54","date_gmt":"2025-08-06T13:28:54","guid":{"rendered":"https:\/\/nvcasino.games\/hu\/?page_id=212"},"modified":"2025-10-30T09:47:43","modified_gmt":"2025-10-30T09:47:43","slug":"promo-code","status":"publish","type":"page","link":"https:\/\/nvcasino.games\/hu\/promo-code\/","title":{"rendered":"Prom\u00f3ci\u00f3s k\u00f3d"},"content":{"rendered":"","protected":false},"excerpt":{"rendered":"","protected":false},"author":1,"featured_media":0,"parent":0,"menu_order":0,"comment_status":"closed","ping_status":"closed","template":"","meta":{"inline_featured_image":false,"footnotes":""},"class_list":["post-212","page","type-page","status-publish","hentry"],"yoast_head":"<!-- This site is optimized with the Yoast SEO plugin v27.4 - https:\/\/yoast.com\/product\/yoast-seo-wordpress\/ -->\n<title>NV kaszin\u00f3 k\u00f3d \u1433 B\u00f3nuszok a prom\u00f3ci\u00f3s k\u00f3dok aktiv\u00e1l\u00e1s\u00e1hoz<\/title>\n<meta name=\"description\" content=\"Play slot with NV kaszin\u00f3 b\u00f3nuszk\u00f3d, ami garant\u00e1lja a sikeres kezd\u00e9st. \u00datmutat\u00f3 a prom\u00f3ci\u00f3s k\u00f3dok aktiv\u00e1l\u00e1s\u00e1hoz \u00e9s r\u00e9szletes felt\u00e9telek.\" \/>\n<meta name=\"robots\" content=\"index, follow, max-snippet:-1, max-image-preview:large, max-video-preview:-1\" \/>\n<meta property=\"og:locale\" content=\"hu_HU\" \/>\n<meta property=\"og:type\" content=\"article\" \/>\n<meta property=\"og:title\" content=\"NV kaszin\u00f3 k\u00f3d \u1433 B\u00f3nuszok a prom\u00f3ci\u00f3s k\u00f3dok aktiv\u00e1l\u00e1s\u00e1hoz\" \/>\n<meta property=\"og:description\" content=\"Play slot with NV kaszin\u00f3 b\u00f3nuszk\u00f3d, ami garant\u00e1lja a sikeres kezd\u00e9st. \u00datmutat\u00f3 a prom\u00f3ci\u00f3s k\u00f3dok aktiv\u00e1l\u00e1s\u00e1hoz \u00e9s r\u00e9szletes felt\u00e9telek.\" \/>\n<meta property=\"og:url\" content=\"https:\/\/nvcasino.games\/hu\/promo-code\/\" \/>\n<meta property=\"og:site_name\" content=\"NV casino HU\" \/>\n<meta property=\"article:modified_time\" content=\"2025-10-30T09:47:43+00:00\" \/>\n<meta name=\"twitter:card\" content=\"summary_large_image\" \/>\n<script type=\"application\/ld+json\" class=\"yoast-schema-graph\">{\"@context\":\"https:\\\/\\\/schema.org\",\"@graph\":[{\"@type\":\"WebPage\",\"@id\":\"https:\\\/\\\/nvcasino.games\\\/hu\\\/promo-code\\\/\",\"url\":\"https:\\\/\\\/nvcasino.games\\\/hu\\\/promo-code\\\/\",\"name\":\"NV kaszin\u00f3 k\u00f3d \u1433 B\u00f3nuszok a prom\u00f3ci\u00f3s k\u00f3dok aktiv\u00e1l\u00e1s\u00e1hoz\",\"isPartOf\":{\"@id\":\"https:\\\/\\\/nvcasino.games\\\/hu\\\/#website\"},\"datePublished\":\"2025-08-06T13:28:54+00:00\",\"dateModified\":\"2025-10-30T09:47:43+00:00\",\"description\":\"Play slot with NV kaszin\u00f3 b\u00f3nuszk\u00f3d, ami garant\u00e1lja a sikeres kezd\u00e9st. \u00datmutat\u00f3 a prom\u00f3ci\u00f3s k\u00f3dok aktiv\u00e1l\u00e1s\u00e1hoz \u00e9s r\u00e9szletes felt\u00e9telek.\",\"breadcrumb\":{\"@id\":\"https:\\\/\\\/nvcasino.games\\\/hu\\\/promo-code\\\/#breadcrumb\"},\"inLanguage\":\"hu\",\"potentialAction\":[{\"@type\":\"ReadAction\",\"target\":[\"https:\\\/\\\/nvcasino.games\\\/hu\\\/promo-code\\\/\"]}]},{\"@type\":\"BreadcrumbList\",\"@id\":\"https:\\\/\\\/nvcasino.games\\\/hu\\\/promo-code\\\/#breadcrumb\",\"itemListElement\":[{\"@type\":\"ListItem\",\"position\":1,\"name\":\"\u0413\u043b\u0430\u0432\u043d\u0430\u044f \u0441\u0442\u0440\u0430\u043d\u0438\u0446\u0430\",\"item\":\"https:\\\/\\\/nvcasino.games\\\/hu\\\/\"},{\"@type\":\"ListItem\",\"position\":2,\"name\":\"Prom\u00f3ci\u00f3s k\u00f3d\"}]},{\"@type\":\"WebSite\",\"@id\":\"https:\\\/\\\/nvcasino.games\\\/hu\\\/#website\",\"url\":\"https:\\\/\\\/nvcasino.games\\\/hu\\\/\",\"name\":\"NV casino HU\",\"description\":\"My WordPress Blog\",\"potentialAction\":[{\"@type\":\"SearchAction\",\"target\":{\"@type\":\"EntryPoint\",\"urlTemplate\":\"https:\\\/\\\/nvcasino.games\\\/hu\\\/?s={search_term_string}\"},\"query-input\":{\"@type\":\"PropertyValueSpecification\",\"valueRequired\":true,\"valueName\":\"search_term_string\"}}],\"inLanguage\":\"hu\"}]}<\/script>\n<!-- \/ Yoast SEO plugin. -->","yoast_head_json":{"title":"NV kaszin\u00f3 k\u00f3d \u1433 B\u00f3nuszok a prom\u00f3ci\u00f3s k\u00f3dok aktiv\u00e1l\u00e1s\u00e1hoz","description":"Play slot with NV kaszin\u00f3 b\u00f3nuszk\u00f3d, ami garant\u00e1lja a sikeres kezd\u00e9st. \u00datmutat\u00f3 a prom\u00f3ci\u00f3s k\u00f3dok aktiv\u00e1l\u00e1s\u00e1hoz \u00e9s r\u00e9szletes felt\u00e9telek.","robots":{"index":"index","follow":"follow","max-snippet":"max-snippet:-1","max-image-preview":"max-image-preview:large","max-video-preview":"max-video-preview:-1"},"og_locale":"hu_HU","og_type":"article","og_title":"NV kaszin\u00f3 k\u00f3d \u1433 B\u00f3nuszok a prom\u00f3ci\u00f3s k\u00f3dok aktiv\u00e1l\u00e1s\u00e1hoz","og_description":"Play slot with NV kaszin\u00f3 b\u00f3nuszk\u00f3d, ami garant\u00e1lja a sikeres kezd\u00e9st. \u00datmutat\u00f3 a prom\u00f3ci\u00f3s k\u00f3dok aktiv\u00e1l\u00e1s\u00e1hoz \u00e9s r\u00e9szletes felt\u00e9telek.","og_url":"https:\/\/nvcasino.games\/hu\/promo-code\/","og_site_name":"NV casino HU","article_modified_time":"2025-10-30T09:47:43+00:00","twitter_card":"summary_large_image","schema":{"@context":"https:\/\/schema.org","@graph":[{"@type":"WebPage","@id":"https:\/\/nvcasino.games\/hu\/promo-code\/","url":"https:\/\/nvcasino.games\/hu\/promo-code\/","name":"NV kaszin\u00f3 k\u00f3d \u1433 B\u00f3nuszok a prom\u00f3ci\u00f3s k\u00f3dok aktiv\u00e1l\u00e1s\u00e1hoz","isPartOf":{"@id":"https:\/\/nvcasino.games\/hu\/#website"},"datePublished":"2025-08-06T13:28:54+00:00","dateModified":"2025-10-30T09:47:43+00:00","description":"Play slot with NV kaszin\u00f3 b\u00f3nuszk\u00f3d, ami garant\u00e1lja a sikeres kezd\u00e9st. \u00datmutat\u00f3 a prom\u00f3ci\u00f3s k\u00f3dok aktiv\u00e1l\u00e1s\u00e1hoz \u00e9s r\u00e9szletes felt\u00e9telek.","breadcrumb":{"@id":"https:\/\/nvcasino.games\/hu\/promo-code\/#breadcrumb"},"inLanguage":"hu","potentialAction":[{"@type":"ReadAction","target":["https:\/\/nvcasino.games\/hu\/promo-code\/"]}]},{"@type":"BreadcrumbList","@id":"https:\/\/nvcasino.games\/hu\/promo-code\/#breadcrumb","itemListElement":[{"@type":"ListItem","position":1,"name":"\u0413\u043b\u0430\u0432\u043d\u0430\u044f \u0441\u0442\u0440\u0430\u043d\u0438\u0446\u0430","item":"https:\/\/nvcasino.games\/hu\/"},{"@type":"ListItem","position":2,"name":"Prom\u00f3ci\u00f3s k\u00f3d"}]},{"@type":"WebSite","@id":"https:\/\/nvcasino.games\/hu\/#website","url":"https:\/\/nvcasino.games\/hu\/","name":"NV casino HU","description":"My WordPress Blog","potentialAction":[{"@type":"SearchAction","target":{"@type":"EntryPoint","urlTemplate":"https:\/\/nvcasino.games\/hu\/?s={search_term_string}"},"query-input":{"@type":"PropertyValueSpecification","valueRequired":true,"valueName":"search_term_string"}}],"inLanguage":"hu"}]}},"_links":{"self":[{"href":"https:\/\/nvcasino.games\/hu\/wp-json\/wp\/v2\/pages\/212","targetHints":{"allow":["GET"]}}],"collection":[{"href":"https:\/\/nvcasino.games\/hu\/wp-json\/wp\/v2\/pages"}],"about":[{"href":"https:\/\/nvcasino.games\/hu\/wp-json\/wp\/v2\/types\/page"}],"author":[{"embeddable":true,"href":"https:\/\/nvcasino.games\/hu\/wp-json\/wp\/v2\/users\/1"}],"replies":[{"embeddable":true,"href":"https:\/\/nvcasino.games\/hu\/wp-json\/wp\/v2\/comments?post=212"}],"version-history":[{"count":5,"href":"https:\/\/nvcasino.games\/hu\/wp-json\/wp\/v2\/pages\/212\/revisions"}],"predecessor-version":[{"id":231,"href":"https:\/\/nvcasino.games\/hu\/wp-json\/wp\/v2\/pages\/212\/revisions\/231"}],"wp:attachment":[{"href":"https:\/\/nvcasino.games\/hu\/wp-json\/wp\/v2\/media?parent=212"}],"curies":[{"name":"wp","href":"https:\/\/api.w.org\/{rel}","templated":true}]}}