{"id":204,"date":"2025-07-30T08:51:40","date_gmt":"2025-07-30T08:51:40","guid":{"rendered":"https:\/\/nvcasino.games\/hu\/?page_id=204"},"modified":"2025-08-14T14:18:32","modified_gmt":"2025-08-14T14:18:32","slug":"bonus","status":"publish","type":"page","link":"https:\/\/nvcasino.games\/hu\/bonus\/","title":{"rendered":"B\u00f3nusz"},"content":{"rendered":"","protected":false},"excerpt":{"rendered":"","protected":false},"author":1,"featured_media":0,"parent":0,"menu_order":0,"comment_status":"closed","ping_status":"closed","template":"","meta":{"inline_featured_image":false,"footnotes":""},"class_list":["post-204","page","type-page","status-publish","hentry"],"yoast_head":"<!-- This site is optimized with the Yoast SEO plugin v27.4 - https:\/\/yoast.com\/product\/yoast-seo-wordpress\/ -->\n<title>NV kaszin\u00f3 b\u00f3nusz | Aj\u00e1nd\u00e9kok regisztr\u00e1ci\u00f3hoz<\/title>\n<meta name=\"description\" content=\"Haszn\u00e1lja ki az egyed\u00fcl\u00e1ll\u00f3 lehet\u0151s\u00e9get NV kaszin\u00f3 b\u00f3nusz hogy \u00faj lehet\u0151s\u00e9gekhez jusson. \u00datmutat\u00f3 a b\u00f3nuszokhoz \u00e9s a rendszeres prom\u00f3ci\u00f3khoz.\" \/>\n<meta name=\"robots\" content=\"index, follow, max-snippet:-1, max-image-preview:large, max-video-preview:-1\" \/>\n<meta property=\"og:locale\" content=\"hu_HU\" \/>\n<meta property=\"og:type\" content=\"article\" \/>\n<meta property=\"og:title\" content=\"NV kaszin\u00f3 b\u00f3nusz | Aj\u00e1nd\u00e9kok regisztr\u00e1ci\u00f3hoz\" \/>\n<meta property=\"og:description\" content=\"Haszn\u00e1lja ki az egyed\u00fcl\u00e1ll\u00f3 lehet\u0151s\u00e9get NV kaszin\u00f3 b\u00f3nusz hogy \u00faj lehet\u0151s\u00e9gekhez jusson. \u00datmutat\u00f3 a b\u00f3nuszokhoz \u00e9s a rendszeres prom\u00f3ci\u00f3khoz.\" \/>\n<meta property=\"og:url\" content=\"https:\/\/nvcasino.games\/hu\/bonus\/\" \/>\n<meta property=\"og:site_name\" content=\"NV casino HU\" \/>\n<meta property=\"article:modified_time\" content=\"2025-08-14T14:18:32+00:00\" \/>\n<meta name=\"twitter:card\" content=\"summary_large_image\" \/>\n<script type=\"application\/ld+json\" class=\"yoast-schema-graph\">{\"@context\":\"https:\\\/\\\/schema.org\",\"@graph\":[{\"@type\":\"WebPage\",\"@id\":\"https:\\\/\\\/nvcasino.games\\\/hu\\\/bonus\\\/\",\"url\":\"https:\\\/\\\/nvcasino.games\\\/hu\\\/bonus\\\/\",\"name\":\"NV kaszin\u00f3 b\u00f3nusz | Aj\u00e1nd\u00e9kok regisztr\u00e1ci\u00f3hoz\",\"isPartOf\":{\"@id\":\"https:\\\/\\\/nvcasino.games\\\/hu\\\/#website\"},\"datePublished\":\"2025-07-30T08:51:40+00:00\",\"dateModified\":\"2025-08-14T14:18:32+00:00\",\"description\":\"Haszn\u00e1lja ki az egyed\u00fcl\u00e1ll\u00f3 lehet\u0151s\u00e9get NV kaszin\u00f3 b\u00f3nusz hogy \u00faj lehet\u0151s\u00e9gekhez jusson. \u00datmutat\u00f3 a b\u00f3nuszokhoz \u00e9s a rendszeres prom\u00f3ci\u00f3khoz.\",\"breadcrumb\":{\"@id\":\"https:\\\/\\\/nvcasino.games\\\/hu\\\/bonus\\\/#breadcrumb\"},\"inLanguage\":\"hu\",\"potentialAction\":[{\"@type\":\"ReadAction\",\"target\":[\"https:\\\/\\\/nvcasino.games\\\/hu\\\/bonus\\\/\"]}]},{\"@type\":\"BreadcrumbList\",\"@id\":\"https:\\\/\\\/nvcasino.games\\\/hu\\\/bonus\\\/#breadcrumb\",\"itemListElement\":[{\"@type\":\"ListItem\",\"position\":1,\"name\":\"\u0413\u043b\u0430\u0432\u043d\u0430\u044f \u0441\u0442\u0440\u0430\u043d\u0438\u0446\u0430\",\"item\":\"https:\\\/\\\/nvcasino.games\\\/hu\\\/\"},{\"@type\":\"ListItem\",\"position\":2,\"name\":\"B\u00f3nusz\"}]},{\"@type\":\"WebSite\",\"@id\":\"https:\\\/\\\/nvcasino.games\\\/hu\\\/#website\",\"url\":\"https:\\\/\\\/nvcasino.games\\\/hu\\\/\",\"name\":\"NV casino HU\",\"description\":\"My WordPress Blog\",\"potentialAction\":[{\"@type\":\"SearchAction\",\"target\":{\"@type\":\"EntryPoint\",\"urlTemplate\":\"https:\\\/\\\/nvcasino.games\\\/hu\\\/?s={search_term_string}\"},\"query-input\":{\"@type\":\"PropertyValueSpecification\",\"valueRequired\":true,\"valueName\":\"search_term_string\"}}],\"inLanguage\":\"hu\"}]}<\/script>\n<!-- \/ Yoast SEO plugin. -->","yoast_head_json":{"title":"NV kaszin\u00f3 b\u00f3nusz | Aj\u00e1nd\u00e9kok regisztr\u00e1ci\u00f3hoz","description":"Haszn\u00e1lja ki az egyed\u00fcl\u00e1ll\u00f3 lehet\u0151s\u00e9get NV kaszin\u00f3 b\u00f3nusz hogy \u00faj lehet\u0151s\u00e9gekhez jusson. \u00datmutat\u00f3 a b\u00f3nuszokhoz \u00e9s a rendszeres prom\u00f3ci\u00f3khoz.","robots":{"index":"index","follow":"follow","max-snippet":"max-snippet:-1","max-image-preview":"max-image-preview:large","max-video-preview":"max-video-preview:-1"},"og_locale":"hu_HU","og_type":"article","og_title":"NV kaszin\u00f3 b\u00f3nusz | Aj\u00e1nd\u00e9kok regisztr\u00e1ci\u00f3hoz","og_description":"Haszn\u00e1lja ki az egyed\u00fcl\u00e1ll\u00f3 lehet\u0151s\u00e9get NV kaszin\u00f3 b\u00f3nusz hogy \u00faj lehet\u0151s\u00e9gekhez jusson. \u00datmutat\u00f3 a b\u00f3nuszokhoz \u00e9s a rendszeres prom\u00f3ci\u00f3khoz.","og_url":"https:\/\/nvcasino.games\/hu\/bonus\/","og_site_name":"NV casino HU","article_modified_time":"2025-08-14T14:18:32+00:00","twitter_card":"summary_large_image","schema":{"@context":"https:\/\/schema.org","@graph":[{"@type":"WebPage","@id":"https:\/\/nvcasino.games\/hu\/bonus\/","url":"https:\/\/nvcasino.games\/hu\/bonus\/","name":"NV kaszin\u00f3 b\u00f3nusz | Aj\u00e1nd\u00e9kok regisztr\u00e1ci\u00f3hoz","isPartOf":{"@id":"https:\/\/nvcasino.games\/hu\/#website"},"datePublished":"2025-07-30T08:51:40+00:00","dateModified":"2025-08-14T14:18:32+00:00","description":"Haszn\u00e1lja ki az egyed\u00fcl\u00e1ll\u00f3 lehet\u0151s\u00e9get NV kaszin\u00f3 b\u00f3nusz hogy \u00faj lehet\u0151s\u00e9gekhez jusson. \u00datmutat\u00f3 a b\u00f3nuszokhoz \u00e9s a rendszeres prom\u00f3ci\u00f3khoz.","breadcrumb":{"@id":"https:\/\/nvcasino.games\/hu\/bonus\/#breadcrumb"},"inLanguage":"hu","potentialAction":[{"@type":"ReadAction","target":["https:\/\/nvcasino.games\/hu\/bonus\/"]}]},{"@type":"BreadcrumbList","@id":"https:\/\/nvcasino.games\/hu\/bonus\/#breadcrumb","itemListElement":[{"@type":"ListItem","position":1,"name":"\u0413\u043b\u0430\u0432\u043d\u0430\u044f \u0441\u0442\u0440\u0430\u043d\u0438\u0446\u0430","item":"https:\/\/nvcasino.games\/hu\/"},{"@type":"ListItem","position":2,"name":"B\u00f3nusz"}]},{"@type":"WebSite","@id":"https:\/\/nvcasino.games\/hu\/#website","url":"https:\/\/nvcasino.games\/hu\/","name":"NV casino HU","description":"My WordPress Blog","potentialAction":[{"@type":"SearchAction","target":{"@type":"EntryPoint","urlTemplate":"https:\/\/nvcasino.games\/hu\/?s={search_term_string}"},"query-input":{"@type":"PropertyValueSpecification","valueRequired":true,"valueName":"search_term_string"}}],"inLanguage":"hu"}]}},"_links":{"self":[{"href":"https:\/\/nvcasino.games\/hu\/wp-json\/wp\/v2\/pages\/204","targetHints":{"allow":["GET"]}}],"collection":[{"href":"https:\/\/nvcasino.games\/hu\/wp-json\/wp\/v2\/pages"}],"about":[{"href":"https:\/\/nvcasino.games\/hu\/wp-json\/wp\/v2\/types\/page"}],"author":[{"embeddable":true,"href":"https:\/\/nvcasino.games\/hu\/wp-json\/wp\/v2\/users\/1"}],"replies":[{"embeddable":true,"href":"https:\/\/nvcasino.games\/hu\/wp-json\/wp\/v2\/comments?post=204"}],"version-history":[{"count":2,"href":"https:\/\/nvcasino.games\/hu\/wp-json\/wp\/v2\/pages\/204\/revisions"}],"predecessor-version":[{"id":223,"href":"https:\/\/nvcasino.games\/hu\/wp-json\/wp\/v2\/pages\/204\/revisions\/223"}],"wp:attachment":[{"href":"https:\/\/nvcasino.games\/hu\/wp-json\/wp\/v2\/media?parent=204"}],"curies":[{"name":"wp","href":"https:\/\/api.w.org\/{rel}","templated":true}]}}