{"id":2,"date":"2023-05-18T17:18:34","date_gmt":"2023-05-18T17:18:34","guid":{"rendered":"https:\/\/nvcasino.games\/de\/?page_id=2"},"modified":"2025-11-02T15:21:27","modified_gmt":"2025-11-02T15:21:27","slug":"home","status":"publish","type":"page","link":"https:\/\/nvcasino.games\/de\/","title":{"rendered":"Startseite"},"content":{"rendered":"","protected":false},"excerpt":{"rendered":"","protected":false},"author":1,"featured_media":0,"parent":0,"menu_order":0,"comment_status":"closed","ping_status":"open","template":"","meta":{"inline_featured_image":false,"footnotes":""},"class_list":["post-2","page","type-page","status-publish","hentry"],"yoast_head":"<!-- This site is optimized with the Yoast SEO plugin v27.4 - https:\/\/yoast.com\/product\/yoast-seo-wordpress\/ -->\n<title>NV Casino Deutschland | Online-Gl\u00fccksspiel &amp; Sportwetten<\/title>\n<meta name=\"description\" content=\"NV Casino bietet lizenzierte Casinospiele und Sportwetten mit stabilen Auszahlungen und 24\/7-Support. Eine zuverl\u00e4ssige Gaming-Plattform f\u00fcr Nutzer, die Wert auf Qualit\u00e4t und Sicherheit legen.\" \/>\n<meta name=\"robots\" content=\"index, follow, max-snippet:-1, max-image-preview:large, max-video-preview:-1\" \/>\n<meta property=\"og:locale\" content=\"de_DE\" \/>\n<meta property=\"og:type\" content=\"article\" \/>\n<meta property=\"og:title\" content=\"NV Casino Deutschland | Online-Gl\u00fccksspiel &amp; Sportwetten\" \/>\n<meta property=\"og:description\" content=\"NV Casino bietet lizenzierte Casinospiele und Sportwetten mit stabilen Auszahlungen und 24\/7-Support. Eine zuverl\u00e4ssige Gaming-Plattform f\u00fcr Nutzer, die Wert auf Qualit\u00e4t und Sicherheit legen.\" \/>\n<meta property=\"og:url\" content=\"https:\/\/nvcasino.games\/de\/\" \/>\n<meta property=\"og:site_name\" content=\"NV casino DE\" \/>\n<meta property=\"article:modified_time\" content=\"2025-11-02T15:21:27+00:00\" \/>\n<meta name=\"twitter:card\" content=\"summary_large_image\" \/>\n<script type=\"application\/ld+json\" class=\"yoast-schema-graph\">{\"@context\":\"https:\\\/\\\/schema.org\",\"@graph\":[{\"@type\":\"WebPage\",\"@id\":\"https:\\\/\\\/nvcasino.games\\\/de\\\/\",\"url\":\"https:\\\/\\\/nvcasino.games\\\/de\\\/\",\"name\":\"NV Casino Deutschland | Online-Gl\u00fccksspiel & Sportwetten\",\"isPartOf\":{\"@id\":\"https:\\\/\\\/nvcasino.games\\\/de\\\/#website\"},\"datePublished\":\"2023-05-18T17:18:34+00:00\",\"dateModified\":\"2025-11-02T15:21:27+00:00\",\"description\":\"NV Casino bietet lizenzierte Casinospiele und Sportwetten mit stabilen Auszahlungen und 24\\\/7-Support. Eine zuverl\u00e4ssige Gaming-Plattform f\u00fcr Nutzer, die Wert auf Qualit\u00e4t und Sicherheit legen.\",\"breadcrumb\":{\"@id\":\"https:\\\/\\\/nvcasino.games\\\/de\\\/#breadcrumb\"},\"inLanguage\":\"de\",\"potentialAction\":[{\"@type\":\"ReadAction\",\"target\":[\"https:\\\/\\\/nvcasino.games\\\/de\\\/\"]}]},{\"@type\":\"BreadcrumbList\",\"@id\":\"https:\\\/\\\/nvcasino.games\\\/de\\\/#breadcrumb\",\"itemListElement\":[{\"@type\":\"ListItem\",\"position\":1,\"name\":\"\u0413\u043b\u0430\u0432\u043d\u0430\u044f \u0441\u0442\u0440\u0430\u043d\u0438\u0446\u0430\",\"item\":\"https:\\\/\\\/nvcasino.games\\\/de\\\/\"},{\"@type\":\"ListItem\",\"position\":2,\"name\":\"Startseite\"}]},{\"@type\":\"WebSite\",\"@id\":\"https:\\\/\\\/nvcasino.games\\\/de\\\/#website\",\"url\":\"https:\\\/\\\/nvcasino.games\\\/de\\\/\",\"name\":\"NV Casino DE\",\"description\":\"NV Casino\",\"potentialAction\":[{\"@type\":\"SearchAction\",\"target\":{\"@type\":\"EntryPoint\",\"urlTemplate\":\"https:\\\/\\\/nvcasino.games\\\/de\\\/?s={search_term_string}\"},\"query-input\":{\"@type\":\"PropertyValueSpecification\",\"valueRequired\":true,\"valueName\":\"search_term_string\"}}],\"inLanguage\":\"de\"}]}<\/script>\n<!-- \/ Yoast SEO plugin. -->","yoast_head_json":{"title":"NV Casino Deutschland | Online-Gl\u00fccksspiel & Sportwetten","description":"NV Casino bietet lizenzierte Casinospiele und Sportwetten mit stabilen Auszahlungen und 24\/7-Support. Eine zuverl\u00e4ssige Gaming-Plattform f\u00fcr Nutzer, die Wert auf Qualit\u00e4t und Sicherheit legen.","robots":{"index":"index","follow":"follow","max-snippet":"max-snippet:-1","max-image-preview":"max-image-preview:large","max-video-preview":"max-video-preview:-1"},"og_locale":"de_DE","og_type":"article","og_title":"NV Casino Deutschland | Online-Gl\u00fccksspiel & Sportwetten","og_description":"NV Casino bietet lizenzierte Casinospiele und Sportwetten mit stabilen Auszahlungen und 24\/7-Support. Eine zuverl\u00e4ssige Gaming-Plattform f\u00fcr Nutzer, die Wert auf Qualit\u00e4t und Sicherheit legen.","og_url":"https:\/\/nvcasino.games\/de\/","og_site_name":"NV casino DE","article_modified_time":"2025-11-02T15:21:27+00:00","twitter_card":"summary_large_image","schema":{"@context":"https:\/\/schema.org","@graph":[{"@type":"WebPage","@id":"https:\/\/nvcasino.games\/de\/","url":"https:\/\/nvcasino.games\/de\/","name":"NV Casino Deutschland | Online-Gl\u00fccksspiel & Sportwetten","isPartOf":{"@id":"https:\/\/nvcasino.games\/de\/#website"},"datePublished":"2023-05-18T17:18:34+00:00","dateModified":"2025-11-02T15:21:27+00:00","description":"NV Casino bietet lizenzierte Casinospiele und Sportwetten mit stabilen Auszahlungen und 24\/7-Support. Eine zuverl\u00e4ssige Gaming-Plattform f\u00fcr Nutzer, die Wert auf Qualit\u00e4t und Sicherheit legen.","breadcrumb":{"@id":"https:\/\/nvcasino.games\/de\/#breadcrumb"},"inLanguage":"de","potentialAction":[{"@type":"ReadAction","target":["https:\/\/nvcasino.games\/de\/"]}]},{"@type":"BreadcrumbList","@id":"https:\/\/nvcasino.games\/de\/#breadcrumb","itemListElement":[{"@type":"ListItem","position":1,"name":"\u0413\u043b\u0430\u0432\u043d\u0430\u044f \u0441\u0442\u0440\u0430\u043d\u0438\u0446\u0430","item":"https:\/\/nvcasino.games\/de\/"},{"@type":"ListItem","position":2,"name":"Startseite"}]},{"@type":"WebSite","@id":"https:\/\/nvcasino.games\/de\/#website","url":"https:\/\/nvcasino.games\/de\/","name":"NV Casino DE","description":"NV Casino","potentialAction":[{"@type":"SearchAction","target":{"@type":"EntryPoint","urlTemplate":"https:\/\/nvcasino.games\/de\/?s={search_term_string}"},"query-input":{"@type":"PropertyValueSpecification","valueRequired":true,"valueName":"search_term_string"}}],"inLanguage":"de"}]}},"_links":{"self":[{"href":"https:\/\/nvcasino.games\/de\/wp-json\/wp\/v2\/pages\/2","targetHints":{"allow":["GET"]}}],"collection":[{"href":"https:\/\/nvcasino.games\/de\/wp-json\/wp\/v2\/pages"}],"about":[{"href":"https:\/\/nvcasino.games\/de\/wp-json\/wp\/v2\/types\/page"}],"author":[{"embeddable":true,"href":"https:\/\/nvcasino.games\/de\/wp-json\/wp\/v2\/users\/1"}],"replies":[{"embeddable":true,"href":"https:\/\/nvcasino.games\/de\/wp-json\/wp\/v2\/comments?post=2"}],"version-history":[{"count":14,"href":"https:\/\/nvcasino.games\/de\/wp-json\/wp\/v2\/pages\/2\/revisions"}],"predecessor-version":[{"id":229,"href":"https:\/\/nvcasino.games\/de\/wp-json\/wp\/v2\/pages\/2\/revisions\/229"}],"wp:attachment":[{"href":"https:\/\/nvcasino.games\/de\/wp-json\/wp\/v2\/media?parent=2"}],"curies":[{"name":"wp","href":"https:\/\/api.w.org\/{rel}","templated":true}]}}